{"id":486,"date":"2023-08-09T10:03:00","date_gmt":"2023-08-09T08:03:00","guid":{"rendered":"https:\/\/www.michaelkassin.at\/wordpress\/?page_id=486"},"modified":"2024-03-23T16:11:29","modified_gmt":"2024-03-23T15:11:29","slug":"amway","status":"publish","type":"page","link":"https:\/\/www.michaelkassin.at\/wordpress\/amway\/","title":{"rendered":"Amway"},"content":{"rendered":"\t\t<div data-elementor-type=\"wp-page\" data-elementor-id=\"486\" class=\"elementor elementor-486\" data-elementor-post-type=\"page\">\n\t\t\t\t\t\t<section class=\"elementor-section elementor-top-section elementor-element elementor-element-55455f0c elementor-section-full_width elementor-section-height-default elementor-section-height-default\" data-id=\"55455f0c\" data-element_type=\"section\">\n\t\t\t\t\t\t<div class=\"elementor-container elementor-column-gap-default\">\n\t\t\t\t\t<div class=\"elementor-column elementor-col-100 elementor-top-column elementor-element elementor-element-21ef0f8b\" data-id=\"21ef0f8b\" data-element_type=\"column\">\n\t\t\t<div class=\"elementor-widget-wrap elementor-element-populated\">\n\t\t\t\t\t\t<div class=\"elementor-element elementor-element-05837bc elementor-widget elementor-widget-heading\" data-id=\"05837bc\" data-element_type=\"widget\" data-widget_type=\"heading.default\">\n\t\t\t\t<div class=\"elementor-widget-container\">\n\t\t\t\t\t<h2 class=\"elementor-heading-title elementor-size-default\">AMWAY und ich<\/h2>\t\t\t\t<\/div>\n\t\t\t\t<\/div>\n\t\t\t\t<div class=\"elementor-element elementor-element-230e671c elementor-widget elementor-widget-text-editor\" data-id=\"230e671c\" data-element_type=\"widget\" data-widget_type=\"text-editor.default\">\n\t\t\t\t<div class=\"elementor-widget-container\">\n\t\t\t\t\t\t\t\t\t<p>AMWAY polarisiert!<br \/>Meldungen wie: &#8218;<i>ach was, die gibt&#8217;s noch&#8216;<\/i>, \u00fcber &#8218;<i>ah, das ist doch die Putzmittelfirma&#8216;<\/i> bis hin zu &#8218;<i>was hast Du mit AMWAY zu schaffen, dass ist doch nur ein Schneeballprinzip&#8216;<\/i>\u00a0bekommt man so ziemlich alles zu h\u00f6ren, wenn man den Firmennamen erw\u00e4hnt, aber Tatsache ist: fast jeder kennt<strong>\u00a0<a href=\"https:\/\/de.wikipedia.org\/wiki\/Amway\" target=\"_blank\" rel=\"noopener\">AMWAY<\/a><\/strong>!<\/p><p>Und die Firma ist kein Schneeball, schon eher eine Lawine, so wie die Entwicklung voran geschritten ist und sich Amway entwickelt hat!<\/p><p>Aus dem weltweit ersten, voll biologisch abbaubaren Fl\u00fcssigreiniger L.O.C., Liquid Organic Cleaner mit der aktuellen\u00a0<strong><a href=\"https:\/\/www.amway.at\/Mehrzweckreiniger-L-O-C-%E2%84%A2\/p\/0001?utm_source=copy&amp;utm_medium=sharebar&amp;utm_campaign=at_de\" target=\"_blank\" rel=\"noopener\">Bestellnummer 0001<\/a><\/strong>\u00a0wurde ein Portfolio aus \u00fcber <strong>400<\/strong> Produkten in den Bereichen Nahrungserg\u00e4nzung, K\u00f6rperpflege, Kosmetik, Haushalt und Lifestyle.<\/p><p>Und mit einem Jahresumsatz von knapp <strong>8,5<\/strong> Milliarden Dollar (2022) und rund <strong>15.000<\/strong> Mitarbeitern kann man wohl kaum mehr von einer &#8218;Putzmittelfirma&#8216; sprechen.<\/p><p>Rund <strong>950<\/strong> Wissenschaftler, Ingenieure und Techniker sind aktuell f\u00fcr <strong>1150<\/strong> Patente verantwortlich, <strong>500<\/strong> Patente sind im Entstehen und in Vorbereitung.<\/p><p>Weltweit arbeitet AMWAY laut eigenen Angaben mit rund <strong>1 Million<\/strong> Gesch\u00e4ftspartnern zusammen, ok, und einer davon bin <b>ich<\/b>!<\/p><p>Was ist mit Dir? Interesse an tollen Produkten und besten Einkommensm\u00f6glichkeiten, orts- und zeitunabh\u00e4ngig, dann starte jetzt dein eigenes AMWAY-Gesch\u00e4ft, ich helfe dir gern dabei!<\/p><p><strong><a style=\"font-family: var( --e-global-typography-0957ae8-font-family ), Sans-serif; font-size: var( --e-global-typography-0957ae8-font-size ); font-weight: var( --e-global-typography-0957ae8-font-weight ); letter-spacing: var( --e-global-typography-0957ae8-letter-spacing ); word-spacing: var( --e-global-typography-0957ae8-word-spacing ); background-color: #ffffff;\" href=\"https:\/\/www.amway.at\/de\/login\/register\/customer\/abo\/7020276067?utm_source=share_link&amp;utm_medium=customer-invited\" target=\"_blank\" rel=\"noopener\">Oder werde einfach Kunde und profitiere von Produkten aus besten Rohstoffen,\u00a0garantiert ohne Tierversuche und nachhaltigem Anbau!<\/a><\/strong><\/p>\t\t\t\t\t\t\t\t<\/div>\n\t\t\t\t<\/div>\n\t\t\t\t\t<\/div>\n\t\t<\/div>\n\t\t\t\t\t<\/div>\n\t\t<\/section>\n\t\t<div class=\"elementor-element elementor-element-620e1c7 e-con-full e-flex e-con e-parent\" data-id=\"620e1c7\" data-element_type=\"container\">\n\t\t<div class=\"elementor-element elementor-element-84b066b e-con-full e-flex e-con e-child\" data-id=\"84b066b\" data-element_type=\"container\" data-settings=\"{&quot;background_background&quot;:&quot;classic&quot;}\">\n\t\t<div class=\"elementor-element elementor-element-1bbfa12 e-con-full e-flex e-con e-child\" data-id=\"1bbfa12\" data-element_type=\"container\">\n\t\t<div class=\"elementor-element elementor-element-66202c8 e-con-full e-flex e-con e-child\" data-id=\"66202c8\" data-element_type=\"container\">\n\t\t\t\t<div class=\"elementor-element elementor-element-a55975c elementor-widget elementor-widget-heading\" data-id=\"a55975c\" data-element_type=\"widget\" data-widget_type=\"heading.default\">\n\t\t\t\t<div class=\"elementor-widget-container\">\n\t\t\t\t\t<h2 class=\"elementor-heading-title elementor-size-default\">Wenn dich das Thema interessiert, wenn dir deine Zukunft selbstst\u00e4ndig und selbst bestimmt am Herzen liegt, dann lass uns dr\u00fcber reden und lass uns einen Termin ausmachen<\/h2>\t\t\t\t<\/div>\n\t\t\t\t<\/div>\n\t\t\t\t<\/div>\n\t\t<div class=\"elementor-element elementor-element-15a522d e-con-full e-flex e-con e-child\" data-id=\"15a522d\" data-element_type=\"container\">\n\t\t\t\t<div class=\"elementor-element elementor-element-b08f596 elementor-button-success elementor-align-center elementor-widget elementor-widget-button\" data-id=\"b08f596\" data-element_type=\"widget\" data-widget_type=\"button.default\">\n\t\t\t\t<div class=\"elementor-widget-container\">\n\t\t\t\t\t\t\t\t\t<div class=\"elementor-button-wrapper\">\n\t\t\t\t\t<a class=\"elementor-button elementor-button-link elementor-size-md\" href=\"mailto:michaelkassin@michaelkassin.at?subject=Terminvereinbarung:%20Thema%20Amway-Gesch\u00e4ft&#038;body=Hallo,%20ich%20m\u00f6chte%20mich%20wegen%20eines%20Termines%20zum%20Thema%20Amway-Gesch\u00e4ft%20informieren\">\n\t\t\t\t\t\t<span class=\"elementor-button-content-wrapper\">\n\t\t\t\t\t\t\t\t\t<span class=\"elementor-button-text\">Email<\/span>\n\t\t\t\t\t<\/span>\n\t\t\t\t\t<\/a>\n\t\t\t\t<\/div>\n\t\t\t\t\t\t\t\t<\/div>\n\t\t\t\t<\/div>\n\t\t\t\t<\/div>\n\t\t<div class=\"elementor-element elementor-element-10b7fc9 e-con-full e-flex e-con e-child\" data-id=\"10b7fc9\" data-element_type=\"container\">\n\t\t\t\t<div class=\"elementor-element elementor-element-e3cca62 elementor-align-center elementor-button-success elementor-widget elementor-widget-button\" data-id=\"e3cca62\" data-element_type=\"widget\" data-widget_type=\"button.default\">\n\t\t\t\t<div class=\"elementor-widget-container\">\n\t\t\t\t\t\t\t\t\t<div class=\"elementor-button-wrapper\">\n\t\t\t\t\t<a class=\"elementor-button elementor-button-link elementor-size-md\" href=\"https:\/\/wa.me\/436766901006?text=Ich%20w\u00fcrde%20mich%20f\u00fcr%20ein%20Amway-Gesch\u00e4ft%20interessieren\" target=\"_blank\">\n\t\t\t\t\t\t<span class=\"elementor-button-content-wrapper\">\n\t\t\t\t\t\t\t\t\t<span class=\"elementor-button-text\">WhatsApp<\/span>\n\t\t\t\t\t<\/span>\n\t\t\t\t\t<\/a>\n\t\t\t\t<\/div>\n\t\t\t\t\t\t\t\t<\/div>\n\t\t\t\t<\/div>\n\t\t\t\t<\/div>\n\t\t\t\t<\/div>\n\t\t<div class=\"elementor-element elementor-element-c44e98a e-con-full e-flex e-con e-child\" data-id=\"c44e98a\" data-element_type=\"container\">\n\t\t<div class=\"elementor-element elementor-element-2fd13a3 e-con-full e-flex e-con e-child\" data-id=\"2fd13a3\" data-element_type=\"container\">\n\t\t\t\t<div class=\"elementor-element elementor-element-3edc0af elementor-widget elementor-widget-heading\" data-id=\"3edc0af\" data-element_type=\"widget\" data-widget_type=\"heading.default\">\n\t\t\t\t<div class=\"elementor-widget-container\">\n\t\t\t\t\t<h2 class=\"elementor-heading-title elementor-size-default\">m\u00f6chtest Du einfach einmal einen Blick in das Portfolio von Amway machen und unverbindlich und online im Katalog \"schnuppern\", kein Problem<\/h2>\t\t\t\t<\/div>\n\t\t\t\t<\/div>\n\t\t\t\t<\/div>\n\t\t\t\t<div class=\"elementor-element elementor-element-310e1d1 elementor-button-success elementor-align-center elementor-widget elementor-widget-button\" data-id=\"310e1d1\" data-element_type=\"widget\" data-widget_type=\"button.default\">\n\t\t\t\t<div class=\"elementor-widget-container\">\n\t\t\t\t\t\t\t\t\t<div class=\"elementor-button-wrapper\">\n\t\t\t\t\t<a class=\"elementor-button elementor-button-link elementor-size-md\" href=\"https:\/\/online.flippingbook.com\/view\/436316307\/\" target=\"_blank\">\n\t\t\t\t\t\t<span class=\"elementor-button-content-wrapper\">\n\t\t\t\t\t\t<span class=\"elementor-button-icon\">\n\t\t\t\t<i aria-hidden=\"true\" class=\"far fa-hand-point-right\"><\/i>\t\t\t<\/span>\n\t\t\t\t\t\t\t\t\t<span class=\"elementor-button-text\">hier geht's zum Online-Katalog<\/span>\n\t\t\t\t\t<\/span>\n\t\t\t\t\t<\/a>\n\t\t\t\t<\/div>\n\t\t\t\t\t\t\t\t<\/div>\n\t\t\t\t<\/div>\n\t\t\t\t<\/div>\n\t\t\t\t<\/div>\n\t\t\t\t<\/div>\n\t\t\t\t<section class=\"elementor-section elementor-top-section elementor-element elementor-element-9aab8a4 elementor-section-full_width elementor-section-height-default elementor-section-height-default\" data-id=\"9aab8a4\" data-element_type=\"section\">\n\t\t\t\t\t\t<div class=\"elementor-container elementor-column-gap-wide\">\n\t\t\t\t\t<div class=\"elementor-column elementor-col-100 elementor-top-column elementor-element elementor-element-56023d3\" data-id=\"56023d3\" data-element_type=\"column\" data-settings=\"{&quot;background_background&quot;:&quot;classic&quot;}\">\n\t\t\t<div class=\"elementor-widget-wrap elementor-element-populated\">\n\t\t\t\t\t<div class=\"elementor-background-overlay\"><\/div>\n\t\t\t\t\t\t<div class=\"elementor-element elementor-element-a23b74d elementor-widget elementor-widget-text-editor\" data-id=\"a23b74d\" data-element_type=\"widget\" data-widget_type=\"text-editor.default\">\n\t\t\t\t<div class=\"elementor-widget-container\">\n\t\t\t\t\t\t\t\t\t<p>und hier ein kleiner Ausschnitt von Marketingvideos unserer Produkte<\/p>\t\t\t\t\t\t\t\t<\/div>\n\t\t\t\t<\/div>\n\t\t\t\t<div class=\"elementor-element elementor-element-ff228c1 elementor-skin-carousel elementor-arrows-yes elementor-pagination-type-bullets elementor-pagination-position-outside elementor-widget elementor-widget-media-carousel\" data-id=\"ff228c1\" data-element_type=\"widget\" data-settings=\"{&quot;slides_per_view&quot;:&quot;2&quot;,&quot;slides_to_scroll&quot;:&quot;2&quot;,&quot;skin&quot;:&quot;carousel&quot;,&quot;effect&quot;:&quot;slide&quot;,&quot;show_arrows&quot;:&quot;yes&quot;,&quot;pagination&quot;:&quot;bullets&quot;,&quot;speed&quot;:500,&quot;autoplay&quot;:&quot;yes&quot;,&quot;autoplay_speed&quot;:5000,&quot;loop&quot;:&quot;yes&quot;,&quot;pause_on_hover&quot;:&quot;yes&quot;,&quot;pause_on_interaction&quot;:&quot;yes&quot;,&quot;space_between&quot;:{&quot;unit&quot;:&quot;px&quot;,&quot;size&quot;:10,&quot;sizes&quot;:[]},&quot;space_between_tablet&quot;:{&quot;unit&quot;:&quot;px&quot;,&quot;size&quot;:10,&quot;sizes&quot;:[]},&quot;space_between_mobile_extra&quot;:{&quot;unit&quot;:&quot;px&quot;,&quot;size&quot;:10,&quot;sizes&quot;:[]},&quot;space_between_mobile&quot;:{&quot;unit&quot;:&quot;px&quot;,&quot;size&quot;:10,&quot;sizes&quot;:[]}}\" data-widget_type=\"media-carousel.default\">\n\t\t\t\t<div class=\"elementor-widget-container\">\n\t\t\t\t\t\t\t\t\t<div class=\"elementor-swiper\">\n\t\t\t\t\t<div class=\"elementor-main-swiper swiper\" role=\"region\" aria-roledescription=\"carousel\" aria-label=\"Slider\">\n\t\t\t\t<div class=\"swiper-wrapper\">\n\t\t\t\t\t\t\t\t\t\t\t<div class=\"swiper-slide\" role=\"group\" aria-roledescription=\"slide\">\n\t\t\t\t\t\t\t<a href=\"https:\/\/www.michaelkassin.at\/wordpress\/wp-content\/uploads\/2023\/08\/less-stress-more-yes.jpeg\" data-elementor-open-lightbox=\"yes\" data-elementor-lightbox-slideshow=\"ff228c1\" data-elementor-lightbox-title=\"less stress more yes\" data-e-action-hash=\"#elementor-action%3Aaction%3Dlightbox%26settings%3DeyJpZCI6NTQyLCJ1cmwiOiJodHRwczpcL1wvd3d3Lm1pY2hhZWxrYXNzaW4uYXRcL3dvcmRwcmVzc1wvd3AtY29udGVudFwvdXBsb2Fkc1wvMjAyM1wvMDhcL2xlc3Mtc3RyZXNzLW1vcmUteWVzLmpwZWciLCJzbGlkZXNob3ciOiJmZjIyOGMxIn0%3D\" data-elementor-lightbox-video=\"https:\/\/www.youtube.com\/embed\/wEhg5L-kwvk?feature=oembed&amp;autoplay=1&amp;rel=0&amp;controls=0\">\t\t<div class=\"elementor-carousel-image\" role=\"img\" aria-label=\"less stress more yes\" style=\"background-image: url(&#039;https:\/\/www.michaelkassin.at\/wordpress\/wp-content\/uploads\/2023\/08\/less-stress-more-yes.jpeg&#039;)\">\n\n\t\t\t\n\t\t\t\t\t\t\t<div class=\"elementor-custom-embed-play\">\n\t\t\t\t\t<i aria-hidden=\"true\" class=\"eicon-play\"><\/i>\t\t\t\t\t<span class=\"elementor-screen-only\">Play<\/span>\n\t\t\t\t<\/div>\n\t\t\t\t\t<\/div>\n\t\t<\/a>\t\t\t\t\t\t<\/div>\n\t\t\t\t\t\t\t\t\t\t\t<div class=\"swiper-slide\" role=\"group\" aria-roledescription=\"slide\">\n\t\t\t\t\t\t\t<a href=\"https:\/\/www.michaelkassin.at\/wordpress\/wp-content\/uploads\/2023\/08\/BodyCleansing.jpg\" data-elementor-open-lightbox=\"yes\" data-elementor-lightbox-slideshow=\"ff228c1\" data-elementor-lightbox-title=\"BodyCleansing\" data-e-action-hash=\"#elementor-action%3Aaction%3Dlightbox%26settings%3DeyJpZCI6NTQ0LCJ1cmwiOiJodHRwczpcL1wvd3d3Lm1pY2hhZWxrYXNzaW4uYXRcL3dvcmRwcmVzc1wvd3AtY29udGVudFwvdXBsb2Fkc1wvMjAyM1wvMDhcL0JvZHlDbGVhbnNpbmcuanBnIiwic2xpZGVzaG93IjoiZmYyMjhjMSJ9\" data-elementor-lightbox-video=\"https:\/\/www.youtube.com\/embed\/6Ki1PfXvbYQ?feature=oembed&amp;autoplay=1&amp;rel=0&amp;controls=0\">\t\t<div class=\"elementor-carousel-image\" role=\"img\" aria-label=\"BodyCleansing\" style=\"background-image: url(&#039;https:\/\/www.michaelkassin.at\/wordpress\/wp-content\/uploads\/2023\/08\/BodyCleansing.jpg&#039;)\">\n\n\t\t\t\n\t\t\t\t\t\t\t<div class=\"elementor-custom-embed-play\">\n\t\t\t\t\t<i aria-hidden=\"true\" class=\"eicon-play\"><\/i>\t\t\t\t\t<span class=\"elementor-screen-only\">Play<\/span>\n\t\t\t\t<\/div>\n\t\t\t\t\t<\/div>\n\t\t<\/a>\t\t\t\t\t\t<\/div>\n\t\t\t\t\t\t\t\t\t\t\t<div class=\"swiper-slide\" role=\"group\" aria-roledescription=\"slide\">\n\t\t\t\t\t\t\t<a href=\"https:\/\/www.michaelkassin.at\/wordpress\/wp-content\/uploads\/2023\/11\/320868_AT_DE_IMAGE_product-image_800_800.jpg\" data-elementor-open-lightbox=\"yes\" data-elementor-lightbox-slideshow=\"ff228c1\" data-elementor-lightbox-title=\"Weihnachts-Hero\" data-elementor-lightbox-description=\"Weihnachts-Hero\" data-e-action-hash=\"#elementor-action%3Aaction%3Dlightbox%26settings%3DeyJpZCI6MTEyNCwidXJsIjoiaHR0cHM6XC9cL3d3dy5taWNoYWVsa2Fzc2luLmF0XC93b3JkcHJlc3NcL3dwLWNvbnRlbnRcL3VwbG9hZHNcLzIwMjNcLzExXC8zMjA4NjhfQVRfREVfSU1BR0VfcHJvZHVjdC1pbWFnZV84MDBfODAwLmpwZyIsInNsaWRlc2hvdyI6ImZmMjI4YzEifQ%3D%3D\" data-elementor-lightbox-video=\"https:\/\/www.youtube.com\/embed\/h5sbFBhltAQ?feature=oembed&amp;autoplay=1&amp;rel=0&amp;controls=0\">\t\t<div class=\"elementor-carousel-image\" role=\"img\" aria-label=\"Weihnachts-Hero\" style=\"background-image: url(&#039;https:\/\/www.michaelkassin.at\/wordpress\/wp-content\/uploads\/2023\/11\/320868_AT_DE_IMAGE_product-image_800_800.jpg&#039;)\">\n\n\t\t\t\n\t\t\t\t\t\t\t<div class=\"elementor-custom-embed-play\">\n\t\t\t\t\t<i aria-hidden=\"true\" class=\"eicon-play\"><\/i>\t\t\t\t\t<span class=\"elementor-screen-only\">Play<\/span>\n\t\t\t\t<\/div>\n\t\t\t\t\t<\/div>\n\t\t<\/a>\t\t\t\t\t\t<\/div>\n\t\t\t\t\t\t\t\t\t<\/div>\n\t\t\t\t\t\t\t\t\t\t\t\t\t\t\t<div class=\"elementor-swiper-button elementor-swiper-button-prev\" role=\"button\" tabindex=\"0\" aria-label=\"Voriger\">\n\t\t\t\t\t\t\t<i aria-hidden=\"true\" class=\"eicon-chevron-left\"><\/i>\t\t\t\t\t\t<\/div>\n\t\t\t\t\t\t<div class=\"elementor-swiper-button elementor-swiper-button-next\" role=\"button\" tabindex=\"0\" aria-label=\"N\u00e4chster\">\n\t\t\t\t\t\t\t<i aria-hidden=\"true\" class=\"eicon-chevron-right\"><\/i>\t\t\t\t\t\t<\/div>\n\t\t\t\t\t\t\t\t\t\t\t\t\t\t\t\t<div class=\"swiper-pagination\"><\/div>\n\t\t\t\t\t\t\t\t\t\t\t\t<\/div>\n\t\t\t\t<\/div>\n\t\t\t\t\t\t\t\t<\/div>\n\t\t\t\t<\/div>\n\t\t\t\t\t<\/div>\n\t\t<\/div>\n\t\t\t\t\t<\/div>\n\t\t<\/section>\n\t\t\t\t<section class=\"elementor-section elementor-top-section elementor-element elementor-element-8a60126 elementor-section-full_width elementor-section-height-default elementor-section-height-default\" data-id=\"8a60126\" data-element_type=\"section\">\n\t\t\t\t\t\t<div class=\"elementor-container elementor-column-gap-wide\">\n\t\t\t\t\t<div class=\"elementor-column elementor-col-50 elementor-top-column elementor-element elementor-element-4719491\" data-id=\"4719491\" data-element_type=\"column\" data-settings=\"{&quot;background_background&quot;:&quot;classic&quot;}\">\n\t\t\t<div class=\"elementor-widget-wrap elementor-element-populated\">\n\t\t\t\t\t<div class=\"elementor-background-overlay\"><\/div>\n\t\t\t\t\t\t<div class=\"elementor-element elementor-element-e427ea5 elementor-widget elementor-widget-text-editor\" data-id=\"e427ea5\" data-element_type=\"widget\" data-widget_type=\"text-editor.default\">\n\t\t\t\t<div class=\"elementor-widget-container\">\n\t\t\t\t\t\t\t\t\t<p>Eines der sicherlich innovativsten und technisch hoch entwickeltsten Ger\u00e4te ist der eSpring Wasserfilter; ich teste ihn in dem Video mit Orangensaft und einer Patrone, die ich bereits \u00fcber ein Jahr im allt\u00e4glichen Einsatz gehabt habe!<\/p><p><a href=\"mailto:michaelkassin@gmx.at?subject=Frage zum eSpring Wasserfilter\">F\u00fcr alle technischen Fragen stehe ich euch nat\u00fcrlich gerne zur Verf\u00fcgung!<\/a><\/p>\t\t\t\t\t\t\t\t<\/div>\n\t\t\t\t<\/div>\n\t\t\t\t\t<\/div>\n\t\t<\/div>\n\t\t\t\t<div class=\"elementor-column elementor-col-50 elementor-top-column elementor-element elementor-element-27d7e8c\" data-id=\"27d7e8c\" data-element_type=\"column\">\n\t\t\t<div class=\"elementor-widget-wrap elementor-element-populated\">\n\t\t\t\t\t\t<div class=\"elementor-element elementor-element-8b967e7 elementor-widget elementor-widget-video\" data-id=\"8b967e7\" data-element_type=\"widget\" data-settings=\"{&quot;youtube_url&quot;:&quot;https:\\\/\\\/youtu.be\\\/CHeiNG44XiM&quot;,&quot;video_type&quot;:&quot;youtube&quot;,&quot;controls&quot;:&quot;yes&quot;}\" data-widget_type=\"video.default\">\n\t\t\t\t<div class=\"elementor-widget-container\">\n\t\t\t\t\t\t\t<div class=\"elementor-wrapper elementor-open-inline\">\n\t\t\t<div class=\"elementor-video\"><\/div>\t\t<\/div>\n\t\t\t\t\t\t<\/div>\n\t\t\t\t<\/div>\n\t\t\t\t\t<\/div>\n\t\t<\/div>\n\t\t\t\t\t<\/div>\n\t\t<\/section>\n\t\t\t\t<section class=\"elementor-section elementor-top-section elementor-element elementor-element-6c10722 elementor-section-boxed elementor-section-height-default elementor-section-height-default\" data-id=\"6c10722\" data-element_type=\"section\">\n\t\t\t\t\t\t<div class=\"elementor-container elementor-column-gap-default\">\n\t\t\t\t\t<div class=\"elementor-column elementor-col-100 elementor-top-column elementor-element elementor-element-3abc756\" data-id=\"3abc756\" data-element_type=\"column\">\n\t\t\t<div class=\"elementor-widget-wrap\">\n\t\t\t\t\t\t\t<\/div>\n\t\t<\/div>\n\t\t\t\t\t<\/div>\n\t\t<\/section>\n\t\t\t\t<\/div>\n\t\t","protected":false},"excerpt":{"rendered":"<p>AMWAY und ich AMWAY polarisiert!Meldungen wie: &#8218;ach was, die gibt&#8217;s noch&#8216;, \u00fcber &#8218;ah, das ist doch die Putzmittelfirma&#8216; bis hin zu &#8218;was hast Du mit AMWAY zu schaffen, dass ist doch nur ein Schneeballprinzip&#8216;\u00a0bekommt man so ziemlich alles zu h\u00f6ren, wenn man den Firmennamen erw\u00e4hnt, aber Tatsache ist: fast jeder kennt\u00a0AMWAY! Und die Firma ist [&hellip;]<\/p>\n","protected":false},"author":1,"featured_media":0,"parent":0,"menu_order":0,"comment_status":"closed","ping_status":"closed","template":"elementor_header_footer","meta":{"footnotes":""},"class_list":["post-486","page","type-page","status-publish","hentry"],"aioseo_notices":[],"_links":{"self":[{"href":"https:\/\/www.michaelkassin.at\/wordpress\/wp-json\/wp\/v2\/pages\/486","targetHints":{"allow":["GET"]}}],"collection":[{"href":"https:\/\/www.michaelkassin.at\/wordpress\/wp-json\/wp\/v2\/pages"}],"about":[{"href":"https:\/\/www.michaelkassin.at\/wordpress\/wp-json\/wp\/v2\/types\/page"}],"author":[{"embeddable":true,"href":"https:\/\/www.michaelkassin.at\/wordpress\/wp-json\/wp\/v2\/users\/1"}],"replies":[{"embeddable":true,"href":"https:\/\/www.michaelkassin.at\/wordpress\/wp-json\/wp\/v2\/comments?post=486"}],"version-history":[{"count":229,"href":"https:\/\/www.michaelkassin.at\/wordpress\/wp-json\/wp\/v2\/pages\/486\/revisions"}],"predecessor-version":[{"id":2392,"href":"https:\/\/www.michaelkassin.at\/wordpress\/wp-json\/wp\/v2\/pages\/486\/revisions\/2392"}],"wp:attachment":[{"href":"https:\/\/www.michaelkassin.at\/wordpress\/wp-json\/wp\/v2\/media?parent=486"}],"curies":[{"name":"wp","href":"https:\/\/api.w.org\/{rel}","templated":true}]}}