{"id":2,"date":"2021-12-27T16:01:18","date_gmt":"2021-12-27T15:01:18","guid":{"rendered":""},"modified":"2024-05-26T10:41:05","modified_gmt":"2024-05-26T08:41:05","slug":"impressum","status":"publish","type":"page","link":"https:\/\/www.michaelkassin.at\/wordpress\/impressum\/","title":{"rendered":"Impressum"},"content":{"rendered":"\t\t<div data-elementor-type=\"wp-page\" data-elementor-id=\"2\" class=\"elementor elementor-2\" data-elementor-post-type=\"page\">\n\t\t\t\t\t\t<section class=\"elementor-section elementor-top-section elementor-element elementor-element-3bf37c62 elementor-section-boxed elementor-section-height-default elementor-section-height-default\" data-id=\"3bf37c62\" data-element_type=\"section\">\n\t\t\t\t\t\t<div class=\"elementor-container elementor-column-gap-default\">\n\t\t\t\t\t<div class=\"elementor-column elementor-col-100 elementor-top-column elementor-element elementor-element-34213da6\" data-id=\"34213da6\" data-element_type=\"column\">\n\t\t\t<div class=\"elementor-widget-wrap elementor-element-populated\">\n\t\t\t\t\t\t<div class=\"elementor-element elementor-element-59890504 elementor-widget elementor-widget-text-editor\" data-id=\"59890504\" data-element_type=\"widget\" data-widget_type=\"text-editor.default\">\n\t\t\t\t<div class=\"elementor-widget-container\">\n\t\t\t\t\t\t\t\t\t<p><\/p>\n<p><strong>Seitenbetreiber und f\u00fcr den Inhalt verantwortlich:<\/strong><br \/>Unternehmenswortlaut: Michael Kassin<br \/>Gesch\u00e4ftsf\u00fchrung: Michael Kassin<br \/>Firmensitz: Schlo\u00dfgasse 10, 3264 Gresten, Nieder\u00f6sterreich, \u00d6sterreich<\/p>\n<p><\/p>\n<p><\/p>\n<p>Tel: +43 676 6901006<br \/>E-Mail: <a href=\"mailto:michaelkassin@michaelkassin.at\">michaelkassin@michaelkassin.at<\/a><br \/>Web: <a href=\"http:\/\/www.michaelkassin.at\">www.michaelkassin.at<\/a><\/p>\n<p><\/p>\n<p><\/p>\n<p>Gerichtsstand: Scheibbs<br \/>Gr\u00fcndung: 10.12.2021<br \/>Ust-ID: ATU 77558117<\/p>\n<p><\/p>\n<p><\/p>\n<p><strong>Inhalte:<\/strong><br \/>Alle hier gezeigten Bilder stammen aus meinem Fundus oder von <a href=\"https:\/\/pixabay.com\/\" target=\"_blank\" rel=\"noopener\">Pixabay<\/a> und d\u00fcrfen werden gespeichert oder sonst irgendwie vervielf\u00e4ltigt werden; f\u00fcr alle Modellaufnahmen besitze ich s\u00e4mtliche Ver\u00f6ffentlichungsrechte.<br \/>Die Bilder von Amway sind f\u00fcr den Gebrauch f\u00fcr Gesch\u00e4ftspartner freigegeben.<\/p>\n<p><\/p>\n<p><\/p>\n<p><strong>Genderhinweis<\/strong>:<br \/>Aus Gr\u00fcnden der einfacheren Lesbarkeit wird auf die geschlechtsspezifische Differenzierung verzichtet. Entsprechende Begriffe gelten immer im Sinne der Gleichbehandlung alle Geschlechter<\/p>\n<p><\/p>\t\t\t\t\t\t\t\t<\/div>\n\t\t\t\t<\/div>\n\t\t\t\t\t<\/div>\n\t\t<\/div>\n\t\t\t\t\t<\/div>\n\t\t<\/section>\n\t\t\t\t<\/div>\n\t\t","protected":false},"excerpt":{"rendered":"<p>Seitenbetreiber und f\u00fcr den Inhalt verantwortlich:Unternehmenswortlaut: Michael KassinGesch\u00e4ftsf\u00fchrung: Michael KassinFirmensitz: Schlo\u00dfgasse 10, 3264 Gresten, Nieder\u00f6sterreich, \u00d6sterreich Tel: +43 676 6901006E-Mail: michaelkassin@michaelkassin.atWeb: www.michaelkassin.at Gerichtsstand: ScheibbsGr\u00fcndung: 10.12.2021Ust-ID: ATU 77558117 Inhalte:Alle hier gezeigten Bilder stammen aus meinem Fundus oder von Pixabay und d\u00fcrfen werden gespeichert oder sonst irgendwie vervielf\u00e4ltigt werden; f\u00fcr alle Modellaufnahmen besitze ich s\u00e4mtliche Ver\u00f6ffentlichungsrechte.Die Bilder [&hellip;]<\/p>\n","protected":false},"author":1,"featured_media":0,"parent":0,"menu_order":0,"comment_status":"closed","ping_status":"closed","template":"elementor_header_footer","meta":{"footnotes":""},"class_list":["post-2","page","type-page","status-publish","hentry"],"aioseo_notices":[],"_links":{"self":[{"href":"https:\/\/www.michaelkassin.at\/wordpress\/wp-json\/wp\/v2\/pages\/2","targetHints":{"allow":["GET"]}}],"collection":[{"href":"https:\/\/www.michaelkassin.at\/wordpress\/wp-json\/wp\/v2\/pages"}],"about":[{"href":"https:\/\/www.michaelkassin.at\/wordpress\/wp-json\/wp\/v2\/types\/page"}],"author":[{"embeddable":true,"href":"https:\/\/www.michaelkassin.at\/wordpress\/wp-json\/wp\/v2\/users\/1"}],"replies":[{"embeddable":true,"href":"https:\/\/www.michaelkassin.at\/wordpress\/wp-json\/wp\/v2\/comments?post=2"}],"version-history":[{"count":23,"href":"https:\/\/www.michaelkassin.at\/wordpress\/wp-json\/wp\/v2\/pages\/2\/revisions"}],"predecessor-version":[{"id":2505,"href":"https:\/\/www.michaelkassin.at\/wordpress\/wp-json\/wp\/v2\/pages\/2\/revisions\/2505"}],"wp:attachment":[{"href":"https:\/\/www.michaelkassin.at\/wordpress\/wp-json\/wp\/v2\/media?parent=2"}],"curies":[{"name":"wp","href":"https:\/\/api.w.org\/{rel}","templated":true}]}}