{"id":1045,"date":"2023-11-08T14:38:30","date_gmt":"2023-11-08T13:38:30","guid":{"rendered":"https:\/\/www.michaelkassin.at\/wordpress\/?page_id=1045"},"modified":"2023-11-09T21:25:45","modified_gmt":"2023-11-09T20:25:45","slug":"beitraege","status":"publish","type":"page","link":"https:\/\/www.michaelkassin.at\/wordpress\/beitraege\/","title":{"rendered":"Beitr\u00e4ge"},"content":{"rendered":"\t\t<div data-elementor-type=\"wp-page\" data-elementor-id=\"1045\" class=\"elementor elementor-1045\" data-elementor-post-type=\"page\">\n\t\t\t\t\t\t<section class=\"elementor-section elementor-top-section elementor-element elementor-element-55455f0c elementor-section-full_width elementor-section-height-default elementor-section-height-default\" data-id=\"55455f0c\" data-element_type=\"section\">\n\t\t\t\t\t\t<div class=\"elementor-container elementor-column-gap-default\">\n\t\t\t\t\t<div class=\"elementor-column elementor-col-100 elementor-top-column elementor-element elementor-element-21ef0f8b\" data-id=\"21ef0f8b\" data-element_type=\"column\">\n\t\t\t<div class=\"elementor-widget-wrap elementor-element-populated\">\n\t\t\t\t\t\t<div class=\"elementor-element elementor-element-05837bc elementor-widget elementor-widget-heading\" data-id=\"05837bc\" data-element_type=\"widget\" data-widget_type=\"heading.default\">\n\t\t\t\t<div class=\"elementor-widget-container\">\n\t\t\t\t\t<h1 class=\"elementor-heading-title elementor-size-default\">Beitr\u00e4ge und aktuelle Aktionen<\/h1>\t\t\t\t<\/div>\n\t\t\t\t<\/div>\n\t\t\t\t\t<\/div>\n\t\t<\/div>\n\t\t\t\t\t<\/div>\n\t\t<\/section>\n\t\t\t\t<section class=\"elementor-section elementor-top-section elementor-element elementor-element-51df49d elementor-section-full_width elementor-section-height-default elementor-section-height-default\" data-id=\"51df49d\" data-element_type=\"section\">\n\t\t\t\t\t\t<div class=\"elementor-container elementor-column-gap-default\">\n\t\t\t\t\t<div class=\"elementor-column elementor-col-100 elementor-top-column elementor-element elementor-element-4239fd6\" data-id=\"4239fd6\" data-element_type=\"column\">\n\t\t\t<div class=\"elementor-widget-wrap elementor-element-populated\">\n\t\t\t\t\t\t<div class=\"elementor-element elementor-element-1097085 elementor-grid-2 elementor-grid-tablet-2 elementor-grid-mobile-1 elementor-posts--thumbnail-top elementor-card-shadow-yes elementor-posts__hover-gradient elementor-widget elementor-widget-posts\" data-id=\"1097085\" data-element_type=\"widget\" data-settings=\"{&quot;cards_columns&quot;:&quot;2&quot;,&quot;cards_columns_tablet&quot;:&quot;2&quot;,&quot;cards_columns_mobile&quot;:&quot;1&quot;,&quot;cards_row_gap&quot;:{&quot;unit&quot;:&quot;px&quot;,&quot;size&quot;:35,&quot;sizes&quot;:[]},&quot;cards_row_gap_tablet&quot;:{&quot;unit&quot;:&quot;px&quot;,&quot;size&quot;:&quot;&quot;,&quot;sizes&quot;:[]},&quot;cards_row_gap_mobile_extra&quot;:{&quot;unit&quot;:&quot;px&quot;,&quot;size&quot;:&quot;&quot;,&quot;sizes&quot;:[]},&quot;cards_row_gap_mobile&quot;:{&quot;unit&quot;:&quot;px&quot;,&quot;size&quot;:&quot;&quot;,&quot;sizes&quot;:[]}}\" data-widget_type=\"posts.cards\">\n\t\t\t\t<div class=\"elementor-widget-container\">\n\t\t\t\t\t\t\t<div class=\"elementor-posts-container elementor-posts elementor-posts--skin-cards elementor-grid\">\n\t\t\t\t<article class=\"elementor-post elementor-grid-item post-1650 post type-post status-publish format-standard has-post-thumbnail hentry category-wellness tag-massage\">\n\t\t\t<div class=\"elementor-post__card\">\n\t\t\t\t<a class=\"elementor-post__thumbnail__link\" href=\"https:\/\/www.michaelkassin.at\/wordpress\/fruehjahrsmuedigkeit\/\" tabindex=\"-1\" ><div class=\"elementor-post__thumbnail\"><img fetchpriority=\"high\" decoding=\"async\" width=\"855\" height=\"570\" src=\"https:\/\/www.michaelkassin.at\/wordpress\/wp-content\/uploads\/2024\/03\/03UNAM1.webp\" class=\"attachment-full size-full wp-image-2422\" alt=\"Fr\u00fchjahrsm\u00fcdigkeit\" srcset=\"https:\/\/www.michaelkassin.at\/wordpress\/wp-content\/uploads\/2024\/03\/03UNAM1.webp 855w, https:\/\/www.michaelkassin.at\/wordpress\/wp-content\/uploads\/2024\/03\/03UNAM1-300x200.webp 300w, https:\/\/www.michaelkassin.at\/wordpress\/wp-content\/uploads\/2024\/03\/03UNAM1-768x512.webp 768w\" sizes=\"(max-width: 855px) 100vw, 855px\" \/><\/div><\/a>\n\t\t\t\t<div class=\"elementor-post__badge\">Wellness<\/div>\n\t\t\t\t<div class=\"elementor-post__text\">\n\t\t\t\t<h3 class=\"elementor-post__title\">\n\t\t\t<a href=\"https:\/\/www.michaelkassin.at\/wordpress\/fruehjahrsmuedigkeit\/\" >\n\t\t\t\tFr\u00fchjahrsm\u00fcdigkeit ADE\t\t\t<\/a>\n\t\t<\/h3>\n\t\t\t\t<div class=\"elementor-post__excerpt\">\n\t\t\t<p>Entspannungsmassagen: Der Schl\u00fcssel zur Bew\u00e4ltigung von Fr\u00fchjahrsm\u00fcdigkeit f\u00fcr gestresste Gesch\u00e4ftsfrauen F\u00fcr gestresste Gesch\u00e4ftsfrauen kann die Fr\u00fchjahrsm\u00fcdigkeit eine zus\u00e4tzliche Belastung in einem bereits hektischen Leben darstellen. Entspannungsmassagen bieten einen wirksamen Weg, um diese saisonale Erscheinung zu bek\u00e4mpfen und gleichzeitig eine dringend ben\u00f6tigte Auszeit vom Stress des Alltags zu nehmen. Entspannungsmassagen sind besonders effektiv, um stressbedingte Verspannungen zu l\u00f6sen und den Geist zu beruhigen. Sie erm\u00f6glichen eine mentale Erholung und Auszeit vom hektischen Alltag, f\u00f6rdern die Regeneration von K\u00f6rper und Geist und verbessern die Schlafqualit\u00e4t. Entspannungsmassagen bieten gestressten Gesch\u00e4ftsfrauen eine effektive M\u00f6glichkeit, die Fr\u00fchjahrsm\u00fcdigkeit zu \u00fcberwinden und gleichzeitig ihre Gesundheit, Produktivit\u00e4t und Lebensqualit\u00e4t zu verbessern. Die Lomi Lomi Nui Massage zielt genau darauf ab, nicht nur k\u00f6rperliche Verspannungen zu l\u00f6sen, sondern auch eine tiefgreifende Entspannung und Heilung auf emotionaler und spiritueller Ebene zu f\u00f6rdern. Sie kann dazu beitragen, Stress abzubauen, das Immunsystem zu st\u00e4rken und das allgemeine Wohlbefinden zu verbessern. Speziell auf<\/p>\n\t\t<\/div>\n\t\t\t\t\t<div class=\"elementor-post__read-more-wrapper\">\n\t\t\n\t\t<a class=\"elementor-post__read-more\" href=\"https:\/\/www.michaelkassin.at\/wordpress\/fruehjahrsmuedigkeit\/\" aria-label=\"Read more about Fr\u00fchjahrsm\u00fcdigkeit ADE\" tabindex=\"-1\" >\n\t\t\tWeiterlesen \u00bb\t\t<\/a>\n\n\t\t\t\t\t<\/div>\n\t\t\t\t<\/div>\n\t\t\t\t<div class=\"elementor-post__meta-data\">\n\t\t\t\t\t<span class=\"elementor-post-date\">\n\t\t\t2. April 2025\t\t<\/span>\n\t\t\t\t<\/div>\n\t\t\t\t\t<\/div>\n\t\t<\/article>\n\t\t\t\t<article class=\"elementor-post elementor-grid-item post-2460 post type-post status-publish format-standard has-post-thumbnail hentry category-wellness tag-massage\">\n\t\t\t<div class=\"elementor-post__card\">\n\t\t\t\t<a class=\"elementor-post__thumbnail__link\" href=\"https:\/\/www.michaelkassin.at\/wordpress\/tief-entspannt-in-den-juni\/\" tabindex=\"-1\" ><div class=\"elementor-post__thumbnail\"><img decoding=\"async\" width=\"1920\" height=\"1440\" src=\"https:\/\/www.michaelkassin.at\/wordpress\/wp-content\/uploads\/2024\/05\/woman-567021_1920.jpg\" class=\"attachment-full size-full wp-image-2462\" alt=\"Junimassage\" srcset=\"https:\/\/www.michaelkassin.at\/wordpress\/wp-content\/uploads\/2024\/05\/woman-567021_1920.jpg 1920w, https:\/\/www.michaelkassin.at\/wordpress\/wp-content\/uploads\/2024\/05\/woman-567021_1920-300x225.jpg 300w, https:\/\/www.michaelkassin.at\/wordpress\/wp-content\/uploads\/2024\/05\/woman-567021_1920-1024x768.jpg 1024w, https:\/\/www.michaelkassin.at\/wordpress\/wp-content\/uploads\/2024\/05\/woman-567021_1920-768x576.jpg 768w, https:\/\/www.michaelkassin.at\/wordpress\/wp-content\/uploads\/2024\/05\/woman-567021_1920-1536x1152.jpg 1536w\" sizes=\"(max-width: 1920px) 100vw, 1920px\" \/><\/div><\/a>\n\t\t\t\t<div class=\"elementor-post__badge\">Wellness<\/div>\n\t\t\t\t<div class=\"elementor-post__text\">\n\t\t\t\t<h3 class=\"elementor-post__title\">\n\t\t\t<a href=\"https:\/\/www.michaelkassin.at\/wordpress\/tief-entspannt-in-den-juni\/\" >\n\t\t\t\tTief entspannt in den Juni\t\t\t<\/a>\n\t\t<\/h3>\n\t\t\t\t<div class=\"elementor-post__excerpt\">\n\t\t\t<p>Entspannt in den Juni mit einer wohltuenden Lomi Lomi Nui Massage Der Sommer steht vor der T\u00fcr, und was k\u00f6nnte besser sein, als ihn mit einer wohltuenden Lomi Lomi Nui Massage zu begr\u00fc\u00dfen? Diese traditionelle hawaiianische Massageform ist weit mehr als nur eine Behandlung \u2013 sie ist ein ganzheitliches Erlebnis, das K\u00f6rper, Geist und Seele in Einklang bringt. Die Lomi Lomi Nui Massage bietet eine Vielzahl von Vorteilen:Tiefenentspannung: Die rhythmischen Bewegungen und der gleichm\u00e4\u00dfige Druck l\u00f6sen Verspannungen und Stress.Durchblutungsf\u00f6rderung: Die flie\u00dfenden Bewegungen und der Einsatz von warmen \u00d6len f\u00f6rdern die Durchblutung und unterst\u00fctzen die Entgiftung des K\u00f6rpers.Emotionale Balance: Die Massage wirkt beruhigend auf das Nervensystem und hilft, emotionale Blockaden zu l\u00f6sen.Verbesserte Beweglichkeit: Durch die intensive Arbeit an den Muskeln und Gelenken wird die Beweglichkeit verbessert und die Muskeln werden geschmeidiger. Der Juni ist der perfekte Monat, um sich eine Lomi Lomi Nui Massage zu g\u00f6nnen. Die Tage werden l\u00e4nger und<\/p>\n\t\t<\/div>\n\t\t\t\t\t<div class=\"elementor-post__read-more-wrapper\">\n\t\t\n\t\t<a class=\"elementor-post__read-more\" href=\"https:\/\/www.michaelkassin.at\/wordpress\/tief-entspannt-in-den-juni\/\" aria-label=\"Read more about Tief entspannt in den Juni\" tabindex=\"-1\" >\n\t\t\tWeiterlesen \u00bb\t\t<\/a>\n\n\t\t\t\t\t<\/div>\n\t\t\t\t<\/div>\n\t\t\t\t<div class=\"elementor-post__meta-data\">\n\t\t\t\t\t<span class=\"elementor-post-date\">\n\t\t\t26. Mai 2024\t\t<\/span>\n\t\t\t\t<\/div>\n\t\t\t\t\t<\/div>\n\t\t<\/article>\n\t\t\t\t<article class=\"elementor-post elementor-grid-item post-2394 post type-post status-publish format-standard has-post-thumbnail hentry category-amway tag-starte-in-den-fruehling\">\n\t\t\t<div class=\"elementor-post__card\">\n\t\t\t\t<a class=\"elementor-post__thumbnail__link\" href=\"https:\/\/www.michaelkassin.at\/wordpress\/starte-in-den-fruehling\/\" tabindex=\"-1\" ><div class=\"elementor-post__thumbnail\"><img decoding=\"async\" width=\"1280\" height=\"853\" src=\"https:\/\/www.michaelkassin.at\/wordpress\/wp-content\/uploads\/2024\/03\/forsythia-8647149_1280.jpg\" class=\"attachment-full size-full wp-image-2396\" alt=\"forsythia\" srcset=\"https:\/\/www.michaelkassin.at\/wordpress\/wp-content\/uploads\/2024\/03\/forsythia-8647149_1280.jpg 1280w, https:\/\/www.michaelkassin.at\/wordpress\/wp-content\/uploads\/2024\/03\/forsythia-8647149_1280-300x200.jpg 300w, https:\/\/www.michaelkassin.at\/wordpress\/wp-content\/uploads\/2024\/03\/forsythia-8647149_1280-1024x682.jpg 1024w, https:\/\/www.michaelkassin.at\/wordpress\/wp-content\/uploads\/2024\/03\/forsythia-8647149_1280-768x512.jpg 768w\" sizes=\"(max-width: 1280px) 100vw, 1280px\" \/><\/div><\/a>\n\t\t\t\t<div class=\"elementor-post__badge\">Amway<\/div>\n\t\t\t\t<div class=\"elementor-post__text\">\n\t\t\t\t<h3 class=\"elementor-post__title\">\n\t\t\t<a href=\"https:\/\/www.michaelkassin.at\/wordpress\/starte-in-den-fruehling\/\" >\n\t\t\t\tstarte in den Fr\u00fchling\t\t\t<\/a>\n\t\t<\/h3>\n\t\t\t\t<div class=\"elementor-post__excerpt\">\n\t\t\t<p>starte mit deinem eigenen Amway-Gesch\u00e4ft in den Fr\u00fchling Mit dem Fr\u00fchling erwacht nicht nur die Natur zu neuem Leben, sondern auch unsere Tr\u00e4ume und Ambitionen. Es ist eine Zeit des Wachstums, der Erneuerung und der M\u00f6glichkeiten. Genau aus diesem Grund ist der Fr\u00fchling der perfekte Zeitpunkt, um Ihr eigenes Amway-Gesch\u00e4ft zu starten und Ihre Tr\u00e4ume von Unabh\u00e4ngigkeit, Erfolg und Wohlstand zu verwirklichen. Genau wie die Blumen, die im Fr\u00fchling bl\u00fchen, bietet auch Ihr Amway-Gesch\u00e4ft eine Vielzahl von M\u00f6glichkeiten, zu wachsen und zu gedeihen. Mit einer breiten Palette an hochwertigen Produkten und einem bew\u00e4hrten Gesch\u00e4ftsmodell bietet Amway Ihnen die Chance, Ihren Erfolg zu kultivieren und zu ernten. Nutze diese Zeit, um dein eigenes Netzwerk aufzubauen und Beziehungen zu kn\u00fcpfen, die dir dabei helfen k\u00f6nnen, dein Amway-Gesch\u00e4ft aufzubauen und zu erweitern. Der fruchtbare Boden im Fr\u00fchling bietet auch deinem Amway-Gesch\u00e4ft einen N\u00e4hrboden f\u00fcr Erfolg und Unabh\u00e4ngigkeit. WhatsApp Nachricht verschicken<\/p>\n\t\t<\/div>\n\t\t\t\t\t<div class=\"elementor-post__read-more-wrapper\">\n\t\t\n\t\t<a class=\"elementor-post__read-more\" href=\"https:\/\/www.michaelkassin.at\/wordpress\/starte-in-den-fruehling\/\" aria-label=\"Read more about starte in den Fr\u00fchling\" tabindex=\"-1\" >\n\t\t\tWeiterlesen \u00bb\t\t<\/a>\n\n\t\t\t\t\t<\/div>\n\t\t\t\t<\/div>\n\t\t\t\t<div class=\"elementor-post__meta-data\">\n\t\t\t\t\t<span class=\"elementor-post-date\">\n\t\t\t23. M\u00e4rz 2024\t\t<\/span>\n\t\t\t\t<\/div>\n\t\t\t\t\t<\/div>\n\t\t<\/article>\n\t\t\t\t<article class=\"elementor-post elementor-grid-item post-2409 post type-post status-publish format-standard has-post-thumbnail hentry category-wellness tag-massage\">\n\t\t\t<div class=\"elementor-post__card\">\n\t\t\t\t<a class=\"elementor-post__thumbnail__link\" href=\"https:\/\/www.michaelkassin.at\/wordpress\/handy-fasten-fallen-lassen\/\" tabindex=\"-1\" ><div class=\"elementor-post__thumbnail\"><img loading=\"lazy\" decoding=\"async\" width=\"700\" height=\"399\" src=\"https:\/\/www.michaelkassin.at\/wordpress\/wp-content\/uploads\/2024\/03\/El-trabajo-y-la-ansiedad-2_opt.jpg\" class=\"attachment-full size-full wp-image-1653\" alt=\"Business Woman\" srcset=\"https:\/\/www.michaelkassin.at\/wordpress\/wp-content\/uploads\/2024\/03\/El-trabajo-y-la-ansiedad-2_opt.jpg 700w, https:\/\/www.michaelkassin.at\/wordpress\/wp-content\/uploads\/2024\/03\/El-trabajo-y-la-ansiedad-2_opt-300x171.jpg 300w\" sizes=\"(max-width: 700px) 100vw, 700px\" \/><\/div><\/a>\n\t\t\t\t<div class=\"elementor-post__badge\">Wellness<\/div>\n\t\t\t\t<div class=\"elementor-post__text\">\n\t\t\t\t<h3 class=\"elementor-post__title\">\n\t\t\t<a href=\"https:\/\/www.michaelkassin.at\/wordpress\/handy-fasten-fallen-lassen\/\" >\n\t\t\t\tHandy Fasten &#8211; Fallen Lassen\t\t\t<\/a>\n\t\t<\/h3>\n\t\t\t\t<div class=\"elementor-post__excerpt\">\n\t\t\t<p>Entspannung f\u00fcr die Gesch\u00e4ftsfrau: Handy-Fasten und Massage w\u00e4hrend der Fastenzeit F\u00fcr die moderne Gesch\u00e4ftsfrau, die oft im stressigen Alltag zwischen Meetings, Terminen und digitaler Kommunikation gefangen ist, kann die Fastenzeit eine willkommene Gelegenheit sein, um innezuhalten und sich zu entspannen. Das Handy-Fasten in Verbindung mit regelm\u00e4\u00dfigen Massagen bietet einen wertvollen Ausgleich, um den Stress abzubauen, eine innere Ruhe zu finden, die Batterien aufzuladen, um den Anforderungen des Gesch\u00e4ftslebens besser gerecht zu werden. Die Lomi Lomi Nui Massage zielt darauf ab, nicht nur k\u00f6rperliche Verspannungen zu l\u00f6sen, sondern auch eine tiefgreifende Entspannung und Heilung auf emotionaler und spiritueller Ebene zu f\u00f6rdern. Sie kann dazu beitragen, Stress abzubauen, das Immunsystem zu st\u00e4rken und das allgemeine Wohlbefinden zu verbessern. Speziell auf dich abgestimmt, k\u00f6nnen zus\u00e4tzlich Klangschalen, warme Therapiesteine oder Teile der Yoni-Massage zum Einsatz kommen. Die Zeit geh\u00f6rt ganz DIR! WhatsApp Nachricht verschicken<\/p>\n\t\t<\/div>\n\t\t\t\t\t<div class=\"elementor-post__read-more-wrapper\">\n\t\t\n\t\t<a class=\"elementor-post__read-more\" href=\"https:\/\/www.michaelkassin.at\/wordpress\/handy-fasten-fallen-lassen\/\" aria-label=\"Read more about Handy Fasten &#8211; Fallen Lassen\" tabindex=\"-1\" >\n\t\t\tWeiterlesen \u00bb\t\t<\/a>\n\n\t\t\t\t\t<\/div>\n\t\t\t\t<\/div>\n\t\t\t\t<div class=\"elementor-post__meta-data\">\n\t\t\t\t\t<span class=\"elementor-post-date\">\n\t\t\t3. M\u00e4rz 2024\t\t<\/span>\n\t\t\t\t<\/div>\n\t\t\t\t\t<\/div>\n\t\t<\/article>\n\t\t\t\t<\/div>\n\t\t\n\t\t\t\t\t\t<\/div>\n\t\t\t\t<\/div>\n\t\t\t\t\t<\/div>\n\t\t<\/div>\n\t\t\t\t\t<\/div>\n\t\t<\/section>\n\t\t\t\t<\/div>\n\t\t","protected":false},"excerpt":{"rendered":"<p>Beitr\u00e4ge und aktuelle Aktionen<\/p>\n","protected":false},"author":1,"featured_media":0,"parent":0,"menu_order":0,"comment_status":"closed","ping_status":"closed","template":"elementor_header_footer","meta":{"footnotes":""},"class_list":["post-1045","page","type-page","status-publish","hentry"],"aioseo_notices":[],"_links":{"self":[{"href":"https:\/\/www.michaelkassin.at\/wordpress\/wp-json\/wp\/v2\/pages\/1045","targetHints":{"allow":["GET"]}}],"collection":[{"href":"https:\/\/www.michaelkassin.at\/wordpress\/wp-json\/wp\/v2\/pages"}],"about":[{"href":"https:\/\/www.michaelkassin.at\/wordpress\/wp-json\/wp\/v2\/types\/page"}],"author":[{"embeddable":true,"href":"https:\/\/www.michaelkassin.at\/wordpress\/wp-json\/wp\/v2\/users\/1"}],"replies":[{"embeddable":true,"href":"https:\/\/www.michaelkassin.at\/wordpress\/wp-json\/wp\/v2\/comments?post=1045"}],"version-history":[{"count":61,"href":"https:\/\/www.michaelkassin.at\/wordpress\/wp-json\/wp\/v2\/pages\/1045\/revisions"}],"predecessor-version":[{"id":1291,"href":"https:\/\/www.michaelkassin.at\/wordpress\/wp-json\/wp\/v2\/pages\/1045\/revisions\/1291"}],"wp:attachment":[{"href":"https:\/\/www.michaelkassin.at\/wordpress\/wp-json\/wp\/v2\/media?parent=1045"}],"curies":[{"name":"wp","href":"https:\/\/api.w.org\/{rel}","templated":true}]}}